{"id":150,"date":"2016-12-14T13:10:18","date_gmt":"2016-12-14T13:10:18","guid":{"rendered":"http:\/\/recycle.orionthemes.com\/demo-1\/?page_id=150"},"modified":"2024-10-14T13:34:27","modified_gmt":"2024-10-14T11:34:27","slug":"kontakt","status":"publish","type":"page","link":"https:\/\/kleenoil.ee\/index.php\/kontakt\/","title":{"rendered":"Kontakt"},"content":{"rendered":"<div id=\"pl-150\"  class=\"panel-layout\" ><div id=\"pg-150-0\"  class=\"panel-grid panel-has-style\" ><div class=\"siteorigin-panels-stretch tablet-default mobile-1-in-row panel-row-style panel-row-style-for-150-0\" data-stretch-type=\"full-width-stretch\" data-svg-bottom-color=\"#ffffff\" ><div id=\"pgc-150-0-0\"  class=\"panel-grid-cell panel-grid-cell-empty\" ><\/div><\/div><\/div><div id=\"pg-150-1\"  class=\"panel-grid panel-has-style\" ><div class=\"siteorigin-panels-stretch tablet-1-in-row mobile-1-in-row panel-row-style panel-row-style-for-150-1\" style=\"background-position: center center; background-repeat: no-repeat; background-size:cover;\" data-stretch-type=\"full\" ><div id=\"pgc-150-1-0\"  class=\"panel-grid-cell panel-grid-cell-mobile-last\" ><div id=\"panel-150-1-0-0\" class=\"so-panel widget widget_sow-editor panel-first-child widgetopts-SO\" data-index=\"0\" ><div class=\"orion default panel-widget-style panel-widget-style-for-150-1-0-0\" ><div\n\t\t\t\n\t\t\tclass=\"so-widget-sow-editor so-widget-sow-editor-base\"\n\t\t\t\n\t\t>\n<div class=\"siteorigin-widget-tinymce textwidget\">\n\t<h2>V\u00f5tke meiega \u00fchendust!<\/h2>\n<p class=\"p1\">Vastame teie k\u00fcsimustele esimesel v\u00f5imalusel.<\/p>\n<\/div>\n<\/div><\/div><\/div><div id=\"panel-150-1-0-1\" class=\"so-panel widget widget_orion_icon_text_w panel-last-child widgetopts-SO\" data-index=\"1\" ><div class=\"orion default panel-widget-style panel-widget-style-for-150-1-0-1\" ><div\n\t\t\t\n\t\t\tclass=\"so-widget-orion_icon_text_w so-widget-orion_icon_text_w-base\"\n\t\t\t\n\t\t>\r\n<div class=\"row icon-box-items-wrap grid short\">\r\n \r\n\t\r\n\t\t\r\n\t\t\r\n\t\t\t\t\r\n\t\t\r\n\t\t<div class=\"icon-box-wrap clearfix col-lg-12 col-sm-12 \" style=\"margin-bottom:24px;\">\t\t\r\n\r\n\t\t\t<h5 class=\"item-title\">+372 5156 367<\/h5>\t\t\t\t\t\t\t<div class=\"icon-wrap absolute  square\">\r\n\t\t\t\t\t<span class=\"sow-icon-fontawesome sow-fas\" data-sow-icon=\"&#xf095;\"\n\t\tstyle=\"color: #fff; background-color: #9cc026\" \n\t\taria-hidden=\"true\"><\/span>\t\t\t\t\t\t\t\t\t<\/div>\r\n\t\t\t\r\n\t\t\t\t\t\t\r\n\r\n\t\t\t<span class=\"description\">Helista meile juba t\u00e4na!<\/span>\r\n\r\n\t\t<\/div>\r\n\t\r\n\t\t\r\n\t\t\r\n\t\t\t\t\r\n\t\t\r\n\t\t<div class=\"icon-box-wrap clearfix col-lg-12 col-sm-12 \" style=\"margin-bottom:24px;\">\t\t\r\n\r\n\t\t\t<h5 class=\"item-title\">Oleme avatud<\/h5>\t\t\t\t\t\t\t<div class=\"icon-wrap absolute  square\">\r\n\t\t\t\t\t<span class=\"sow-icon-fontawesome sow-far\" data-sow-icon=\"&#xf017;\"\n\t\tstyle=\"color: #fff; background-color: #22aa86\" \n\t\taria-hidden=\"true\"><\/span>\t\t\t\t\t\t\t\t\t<\/div>\r\n\t\t\t\r\n\t\t\t\t\t\t\r\n\r\n\t\t\t<span class=\"description\">Esmasp\u00e4ev-Reede: 07:00 kuni 16:00<\/span>\r\n\r\n\t\t<\/div>\r\n\t\r\n\t\t\r\n\t\t\r\n\t\t\t\t\r\n\t\t\r\n\t\t<div class=\"icon-box-wrap clearfix col-lg-12 col-sm-12 \" style=\"margin-bottom:24px;\">\t\t\r\n\r\n\t\t\t<h5 class=\"item-title\">Aadress<\/h5>\t\t\t\t\t\t\t<div class=\"icon-wrap absolute  square\">\r\n\t\t\t\t\t<span class=\"sow-icon-fontawesome sow-fas\" data-sow-icon=\"&#xf041;\"\n\t\tstyle=\"color: #fff; background-color: #44514e\" \n\t\taria-hidden=\"true\"><\/span>\t\t\t\t\t\t\t\t\t<\/div>\r\n\t\t\t\r\n\t\t\t\t\t\t\r\n\r\n\t\t\t<span class=\"description\">M\u00e4nnikasvu, Rahula 76414 Eesti<\/span>\r\n\r\n\t\t<\/div>\r\n\t\r\n<\/div><\/div><\/div><\/div><\/div><div id=\"pgc-150-1-1\"  class=\"panel-grid-cell panel-grid-cell-empty\" ><\/div><\/div><\/div><\/div>","protected":false},"excerpt":{"rendered":"<p>V\u00f5tke meiega \u00fchendust! Vastame teie k\u00fcsimustele esimesel v\u00f5imalusel.<\/p>\n","protected":false},"author":1,"featured_media":0,"parent":0,"menu_order":0,"comment_status":"closed","ping_status":"closed","template":"","meta":{"footnotes":""},"class_list":["post-150","page","type-page","status-publish","hentry"],"_links":{"self":[{"href":"https:\/\/kleenoil.ee\/index.php\/wp-json\/wp\/v2\/pages\/150","targetHints":{"allow":["GET"]}}],"collection":[{"href":"https:\/\/kleenoil.ee\/index.php\/wp-json\/wp\/v2\/pages"}],"about":[{"href":"https:\/\/kleenoil.ee\/index.php\/wp-json\/wp\/v2\/types\/page"}],"author":[{"embeddable":true,"href":"https:\/\/kleenoil.ee\/index.php\/wp-json\/wp\/v2\/users\/1"}],"replies":[{"embeddable":true,"href":"https:\/\/kleenoil.ee\/index.php\/wp-json\/wp\/v2\/comments?post=150"}],"version-history":[{"count":5,"href":"https:\/\/kleenoil.ee\/index.php\/wp-json\/wp\/v2\/pages\/150\/revisions"}],"predecessor-version":[{"id":7529,"href":"https:\/\/kleenoil.ee\/index.php\/wp-json\/wp\/v2\/pages\/150\/revisions\/7529"}],"wp:attachment":[{"href":"https:\/\/kleenoil.ee\/index.php\/wp-json\/wp\/v2\/media?parent=150"}],"curies":[{"name":"wp","href":"https:\/\/api.w.org\/{rel}","templated":true}]}}