{"id":1575,"date":"2022-07-01T08:31:45","date_gmt":"2022-07-01T08:31:45","guid":{"rendered":"http:\/\/kleenoil.ee\/?page_id=1575"},"modified":"2023-02-23T16:30:11","modified_gmt":"2023-02-23T16:30:11","slug":"kleenoil-filteerimine","status":"publish","type":"page","link":"https:\/\/kleenoil.ee\/index.php\/kleenoil-filteerimine\/","title":{"rendered":"Kleenoil filteerimine"},"content":{"rendered":"<div>You need to add a widget, row, or prebuilt layout before you&#8217;ll see anything here. \ud83d\ude42<\/div>\n\n\n<h2 class=\"wp-block-heading\">M\u00d6\u00d6DAVOOLUFILTER<\/h2>\n\n\n\n<p><\/p>\n\n\n\n<p>S\u00e4ilitades m\u00e4\u00e4rdeainete puhtuse &#8220;nagu uuel tasemel&#8221;; saab m\u00e4\u00e4rdeainet kasutada palju kauem, ja koos seisundi j\u00e4lgimisega saavad kasutajad minimeerida \u00f5li asendamise t\u00fchiste tasemeni lisamistega. Kleenoili m\u00f6\u00f6davoolufiltris\u00fcsteem on \u00f5lifiltris\u00fcsteem, mis laseb ainult v\u00e4ikese osa kogu \u00f5livoolust aeglaselt l\u00e4bi suurima saadaoleva tihedusega loodusliku tselluloosi s\u00fcgavfiltri kasseti. Aeglasel kiirusel on v\u00f5imalik eemaldada osakesi kuni 1 mikronini (3 absoluutset) ja eemaldada 99,5% kogu veest.<br><\/p>\n\n\n\n<p>Kasutades KLEENOIL filtreerimist:<br>&#8211; Saate likvideerida vee ja osakeste poolt saastumise,<br>&#8211; Pikendada \u00f5li kasutusiga, pikendada standardsete filtrite kasutusiga,<br>&#8211; Pikendab mootori\u00f5li eluiga kuni 5 korda ja h\u00fcdraulika\u00f5li kuni 10 korda,<br>&#8211; V\u00e4hendada mootori\/masina kulumist ja komponentide kulumist,<br>&#8211; V\u00e4hendage j\u00e4rsult seisakuid JA minimeerige j\u00e4\u00e4tmete k\u00f5rvaldamist.<br><\/p>\n\n\n\n<p>T\u00e4nap\u00e4eva h\u00fcdrofiltris\u00fcsteemides on toimunud nihe reaktsioonilisest hooldusest ennetavale ja isegi ennustavale hooldusele. <\/p>\n\n\n\n<p>KLEENOIL filtris\u00fcsteemid eemaldavad saasteained ja vee erinevat t\u00fc\u00fcpi mineraal\u00f5lidest ja diislik\u00fctustest. <\/p>\n\n\n\n<p><\/p>\n","protected":false},"excerpt":{"rendered":"<p>M\u00d6\u00d6DAVOOLUFILTER S\u00e4ilitades m\u00e4\u00e4rdeainete puhtuse &#8220;nagu uuel tasemel&#8221;; saab m\u00e4\u00e4rdeainet kasutada palju kauem, ja koos seisundi j\u00e4lgimisega saavad kasutajad minimeerida \u00f5li asendamise t\u00fchiste tasemeni lisamistega. Kleenoili m\u00f6\u00f6davoolufiltris\u00fcsteem on \u00f5lifiltris\u00fcsteem, mis laseb ainult v\u00e4ikese osa kogu \u00f5livoolust aeglaselt l\u00e4bi suurima saadaoleva tihedusega loodusliku tselluloosi s\u00fcgavfiltri kasseti. Aeglasel kiirusel on v\u00f5imalik eemaldada osakesi kuni 1 mikronini (3 absoluutset)<\/p>\n","protected":false},"author":1,"featured_media":0,"parent":0,"menu_order":0,"comment_status":"closed","ping_status":"closed","template":"","meta":{"footnotes":""},"class_list":["post-1575","page","type-page","status-publish","hentry"],"_links":{"self":[{"href":"https:\/\/kleenoil.ee\/index.php\/wp-json\/wp\/v2\/pages\/1575","targetHints":{"allow":["GET"]}}],"collection":[{"href":"https:\/\/kleenoil.ee\/index.php\/wp-json\/wp\/v2\/pages"}],"about":[{"href":"https:\/\/kleenoil.ee\/index.php\/wp-json\/wp\/v2\/types\/page"}],"author":[{"embeddable":true,"href":"https:\/\/kleenoil.ee\/index.php\/wp-json\/wp\/v2\/users\/1"}],"replies":[{"embeddable":true,"href":"https:\/\/kleenoil.ee\/index.php\/wp-json\/wp\/v2\/comments?post=1575"}],"version-history":[{"count":4,"href":"https:\/\/kleenoil.ee\/index.php\/wp-json\/wp\/v2\/pages\/1575\/revisions"}],"predecessor-version":[{"id":7463,"href":"https:\/\/kleenoil.ee\/index.php\/wp-json\/wp\/v2\/pages\/1575\/revisions\/7463"}],"wp:attachment":[{"href":"https:\/\/kleenoil.ee\/index.php\/wp-json\/wp\/v2\/media?parent=1575"}],"curies":[{"name":"wp","href":"https:\/\/api.w.org\/{rel}","templated":true}]}}