{"id":1579,"date":"2022-07-01T08:32:27","date_gmt":"2022-07-01T08:32:27","guid":{"rendered":"http:\/\/kleenoil.ee\/?page_id=1579"},"modified":"2023-02-23T17:29:47","modified_gmt":"2023-02-23T17:29:47","slug":"maardeained-ja-puhastusvahendid","status":"publish","type":"page","link":"https:\/\/kleenoil.ee\/index.php\/maardeained-ja-puhastusvahendid\/","title":{"rendered":"M\u00e4\u00e4rdeained ja puhastusvahendid"},"content":{"rendered":"\n<h2 class=\"has-medium-font-size wp-block-heading\"><strong>T\u00c4HTIS EI OLE OSTMISKULU, SEE ON KASUTAMISE HILISEM MAKSUMUS. KVALITEET MAKSAB!<\/strong><\/h2>\n\n\n\n<blockquote class=\"wp-block-quote is-layout-flow wp-block-quote-is-layout-flow\">\n<p>M\u00c4\u00c4RED, LISANDID &#8211; Parema j\u00f5udluse, pikaealisuse ja kasumlikkuse tagamiseks.<\/p>\n\n\n\n<figure class=\"wp-block-image size-full\"><img loading=\"lazy\" decoding=\"async\" width=\"400\" height=\"125\" src=\"http:\/\/kleenoil.ee\/wp-content\/uploads\/2023\/02\/payback-logo.png\" alt=\"\" class=\"wp-image-7466\" srcset=\"https:\/\/kleenoil.ee\/wp-content\/uploads\/2023\/02\/payback-logo.png 400w, https:\/\/kleenoil.ee\/wp-content\/uploads\/2023\/02\/payback-logo-300x94.png 300w, https:\/\/kleenoil.ee\/wp-content\/uploads\/2023\/02\/payback-logo-18x6.png 18w\" sizes=\"auto, (max-width: 400px) 100vw, 400px\" \/><\/figure>\n<cite>PAYBACK AB tootevalik saadaval meie e-poes<\/cite><\/blockquote>\n\n\n\n<blockquote class=\"wp-block-quote is-layout-flow wp-block-quote-is-layout-flow\">\n<p>PESUAINED &#8211; T\u00f5husad ja keskkonnas\u00f5bralikud pesuvahendid paatide, autode, rasketehnika ja betooni eemaldamiseks<\/p>\n\n\n\n<figure class=\"wp-block-image size-large is-resized\"><img loading=\"lazy\" decoding=\"async\" src=\"http:\/\/kleenoil.ee\/wp-content\/uploads\/2023\/02\/Screenshot-2023-02-23-at-18.41.46-1-1024x298.png\" alt=\"\" class=\"wp-image-7471\" width=\"412\" height=\"120\" srcset=\"https:\/\/kleenoil.ee\/wp-content\/uploads\/2023\/02\/Screenshot-2023-02-23-at-18.41.46-1-1024x298.png 1024w, https:\/\/kleenoil.ee\/wp-content\/uploads\/2023\/02\/Screenshot-2023-02-23-at-18.41.46-1-300x87.png 300w, https:\/\/kleenoil.ee\/wp-content\/uploads\/2023\/02\/Screenshot-2023-02-23-at-18.41.46-1-768x224.png 768w, https:\/\/kleenoil.ee\/wp-content\/uploads\/2023\/02\/Screenshot-2023-02-23-at-18.41.46-1-1536x447.png 1536w, https:\/\/kleenoil.ee\/wp-content\/uploads\/2023\/02\/Screenshot-2023-02-23-at-18.41.46-1-18x5.png 18w, https:\/\/kleenoil.ee\/wp-content\/uploads\/2023\/02\/Screenshot-2023-02-23-at-18.41.46-1-750x218.png 750w, https:\/\/kleenoil.ee\/wp-content\/uploads\/2023\/02\/Screenshot-2023-02-23-at-18.41.46-1-600x175.png 600w, https:\/\/kleenoil.ee\/wp-content\/uploads\/2023\/02\/Screenshot-2023-02-23-at-18.41.46-1.png 1813w\" sizes=\"auto, (max-width: 412px) 100vw, 412px\" \/><\/figure>\n<cite>LANSAS OY tootevalik saadaval meie e-poes<\/cite><\/blockquote>\n","protected":false},"excerpt":{"rendered":"<p>T\u00c4HTIS EI OLE OSTMISKULU, SEE ON KASUTAMISE HILISEM MAKSUMUS. KVALITEET MAKSAB!<\/p>\n","protected":false},"author":1,"featured_media":0,"parent":0,"menu_order":0,"comment_status":"closed","ping_status":"closed","template":"","meta":{"footnotes":""},"class_list":["post-1579","page","type-page","status-publish","hentry"],"_links":{"self":[{"href":"https:\/\/kleenoil.ee\/index.php\/wp-json\/wp\/v2\/pages\/1579","targetHints":{"allow":["GET"]}}],"collection":[{"href":"https:\/\/kleenoil.ee\/index.php\/wp-json\/wp\/v2\/pages"}],"about":[{"href":"https:\/\/kleenoil.ee\/index.php\/wp-json\/wp\/v2\/types\/page"}],"author":[{"embeddable":true,"href":"https:\/\/kleenoil.ee\/index.php\/wp-json\/wp\/v2\/users\/1"}],"replies":[{"embeddable":true,"href":"https:\/\/kleenoil.ee\/index.php\/wp-json\/wp\/v2\/comments?post=1579"}],"version-history":[{"count":4,"href":"https:\/\/kleenoil.ee\/index.php\/wp-json\/wp\/v2\/pages\/1579\/revisions"}],"predecessor-version":[{"id":7473,"href":"https:\/\/kleenoil.ee\/index.php\/wp-json\/wp\/v2\/pages\/1579\/revisions\/7473"}],"wp:attachment":[{"href":"https:\/\/kleenoil.ee\/index.php\/wp-json\/wp\/v2\/media?parent=1579"}],"curies":[{"name":"wp","href":"https:\/\/api.w.org\/{rel}","templated":true}]}}