{"id":1581,"date":"2022-07-01T08:32:44","date_gmt":"2022-07-01T08:32:44","guid":{"rendered":"http:\/\/kleenoil.ee\/?page_id=1581"},"modified":"2023-02-23T17:27:09","modified_gmt":"2023-02-23T17:27:09","slug":"jaatmete-kogumis-ja-sorteermislahendused","status":"publish","type":"page","link":"https:\/\/kleenoil.ee\/index.php\/jaatmete-kogumis-ja-sorteermislahendused\/","title":{"rendered":"J\u00e4\u00e4tmete kogumis- ja sorteermislahendused"},"content":{"rendered":"\n<p><\/p>\n\n\n\n<p><\/p>\n\n\n\n<h2 class=\"wp-block-heading\">TARK JA S\u00c4\u00c4STLIK LINN<\/h2>\n\n\n\n<h2 class=\"wp-block-heading\">NUTIKAD-, N\u00c4GUSAD- NING T\u00d5HUSAD PR\u00dcGIKASTID<\/h2>\n\n\n\n<blockquote class=\"wp-block-quote is-layout-flow wp-block-quote-is-layout-flow\">\n<p><strong>Ei mingit pr\u00fcgi ja v\u00e4hem kulusid!<\/strong><br>See on meie missioon, nutikad j\u00e4\u00e4tmete kogumis lahendused avalikesse kohtadesse ning resursse s\u00e4\u00e4stvad meetmed j\u00e4\u00e4tmete kogumiseks.<\/p>\n\n\n\n<ul class=\"wp-block-list\">\n<li>P\u00e4ikeseenergial pressiga pr\u00fcgikastid<\/li>\n\n\n\n<li>S\u00fcvamahutite Maa-alune tihendusseade<\/li>\n\n\n\n<li>Nutikad pr\u00fcgikastid<\/li>\n\n\n\n<li>Andurid &#8211; Loodud selleks, et muuta iga pr\u00fcgikast nutikaks<\/li>\n\n\n\n<li>TARK LINN &#8211; Pr\u00fcgikastide juhtimis- ja seires\u00fcsteem<\/li>\n\n\n\n<li>Biofiltritega pr\u00fcgikastid toiduj\u00e4\u00e4tmete eraldi kogumiseks<\/li>\n\n\n\n<li>KOMPOSTRID JA TEKKEKOHAS KOMPOSTIMINE<\/li>\n<\/ul>\n<\/blockquote>\n\n\n\n<figure class=\"wp-block-gallery has-nested-images columns-default is-cropped wp-block-gallery-1 is-layout-flex wp-block-gallery-is-layout-flex\">\n<figure class=\"wp-block-image size-large\"><img loading=\"lazy\" decoding=\"async\" width=\"1024\" height=\"1024\" data-id=\"7477\" src=\"http:\/\/kleenoil.ee\/wp-content\/uploads\/2023\/02\/smart-city-manager-nieuw-1024x1024.png\" alt=\"\" class=\"wp-image-7477\" srcset=\"https:\/\/kleenoil.ee\/wp-content\/uploads\/2023\/02\/smart-city-manager-nieuw-1024x1024.png 1024w, https:\/\/kleenoil.ee\/wp-content\/uploads\/2023\/02\/smart-city-manager-nieuw-300x300.png 300w, https:\/\/kleenoil.ee\/wp-content\/uploads\/2023\/02\/smart-city-manager-nieuw-150x150.png 150w, https:\/\/kleenoil.ee\/wp-content\/uploads\/2023\/02\/smart-city-manager-nieuw-768x768.png 768w, https:\/\/kleenoil.ee\/wp-content\/uploads\/2023\/02\/smart-city-manager-nieuw-1536x1536.png 1536w, https:\/\/kleenoil.ee\/wp-content\/uploads\/2023\/02\/smart-city-manager-nieuw-2048x2048.png 2048w, https:\/\/kleenoil.ee\/wp-content\/uploads\/2023\/02\/smart-city-manager-nieuw-12x12.png 12w, https:\/\/kleenoil.ee\/wp-content\/uploads\/2023\/02\/smart-city-manager-nieuw-750x750.png 750w, https:\/\/kleenoil.ee\/wp-content\/uploads\/2023\/02\/smart-city-manager-nieuw-600x600.png 600w, https:\/\/kleenoil.ee\/wp-content\/uploads\/2023\/02\/smart-city-manager-nieuw-100x100.png 100w\" sizes=\"auto, (max-width: 1024px) 100vw, 1024px\" \/><\/figure>\n<figcaption class=\"blocks-gallery-caption wp-element-caption\">NUTIKAD PR\u00dcGIKASTID<\/figcaption><\/figure>\n","protected":false},"excerpt":{"rendered":"<p>TARK JA S\u00c4\u00c4STLIK LINN NUTIKAD-, N\u00c4GUSAD- NING T\u00d5HUSAD PR\u00dcGIKASTID<\/p>\n","protected":false},"author":1,"featured_media":0,"parent":0,"menu_order":0,"comment_status":"closed","ping_status":"closed","template":"","meta":{"footnotes":""},"class_list":["post-1581","page","type-page","status-publish","hentry"],"_links":{"self":[{"href":"https:\/\/kleenoil.ee\/index.php\/wp-json\/wp\/v2\/pages\/1581","targetHints":{"allow":["GET"]}}],"collection":[{"href":"https:\/\/kleenoil.ee\/index.php\/wp-json\/wp\/v2\/pages"}],"about":[{"href":"https:\/\/kleenoil.ee\/index.php\/wp-json\/wp\/v2\/types\/page"}],"author":[{"embeddable":true,"href":"https:\/\/kleenoil.ee\/index.php\/wp-json\/wp\/v2\/users\/1"}],"replies":[{"embeddable":true,"href":"https:\/\/kleenoil.ee\/index.php\/wp-json\/wp\/v2\/comments?post=1581"}],"version-history":[{"count":4,"href":"https:\/\/kleenoil.ee\/index.php\/wp-json\/wp\/v2\/pages\/1581\/revisions"}],"predecessor-version":[{"id":7483,"href":"https:\/\/kleenoil.ee\/index.php\/wp-json\/wp\/v2\/pages\/1581\/revisions\/7483"}],"wp:attachment":[{"href":"https:\/\/kleenoil.ee\/index.php\/wp-json\/wp\/v2\/media?parent=1581"}],"curies":[{"name":"wp","href":"https:\/\/api.w.org\/{rel}","templated":true}]}}