{"id":1583,"date":"2022-07-01T08:33:01","date_gmt":"2022-07-01T08:33:01","guid":{"rendered":"http:\/\/kleenoil.ee\/?page_id=1583"},"modified":"2023-02-23T17:25:37","modified_gmt":"2023-02-23T17:25:37","slug":"linnamoobel","status":"publish","type":"page","link":"https:\/\/kleenoil.ee\/index.php\/linnamoobel\/","title":{"rendered":"Linnam\u00f6\u00f6bel"},"content":{"rendered":"\n<p class=\"has-large-font-size\">Intelligentsed lahendused j\u00e4\u00e4tmete kogumiseks ja linnam\u00f6\u00f6bliks.<br>V\u00f5tke meiega \u00fchendust, et saaksime teid projektiga aidata!<\/p>\n\n\n\n<ul class=\"wp-block-list\">\n<li><strong>Cervic Environment<\/strong> enam kui 50-aastase ajalooga ettev\u00f5te, mis on Hispaania liider ja esindatud enam kui 30 riigis. LOOKS SMART, WORKS BETTER<\/li>\n\n\n\n<li><strong>Escofet <\/strong>on Barcelonas asuv ettev\u00f5te, mis linnaelementide ja arhitektuurse betooni disaini ja industrialiseerimise kaudu muudab linnu ja edendab avaliku ruumi kasutamist.<\/li>\n\n\n\n<li><strong>Formato Verde<\/strong> on j\u00e4\u00e4tmete kogumise seadmete sektorile spetsialiseerunud alates 2001. aastast.<\/li>\n\n\n\n<li><strong>OKLIN<\/strong> kompostimisseadme 24-tunnine ts\u00fckkel, et pidada sammu k\u00f5ige aktiivsemate k\u00f6\u00f6kide, supermarketite ja toiduainete t\u00f6\u00f6tlemiskohtadega<\/li>\n<\/ul>\n","protected":false},"excerpt":{"rendered":"<p>Intelligentsed lahendused j\u00e4\u00e4tmete kogumiseks ja linnam\u00f6\u00f6bliks.V\u00f5tke meiega \u00fchendust, et saaksime teid projektiga aidata!<\/p>\n","protected":false},"author":1,"featured_media":0,"parent":0,"menu_order":0,"comment_status":"closed","ping_status":"closed","template":"","meta":{"footnotes":""},"class_list":["post-1583","page","type-page","status-publish","hentry"],"_links":{"self":[{"href":"https:\/\/kleenoil.ee\/index.php\/wp-json\/wp\/v2\/pages\/1583","targetHints":{"allow":["GET"]}}],"collection":[{"href":"https:\/\/kleenoil.ee\/index.php\/wp-json\/wp\/v2\/pages"}],"about":[{"href":"https:\/\/kleenoil.ee\/index.php\/wp-json\/wp\/v2\/types\/page"}],"author":[{"embeddable":true,"href":"https:\/\/kleenoil.ee\/index.php\/wp-json\/wp\/v2\/users\/1"}],"replies":[{"embeddable":true,"href":"https:\/\/kleenoil.ee\/index.php\/wp-json\/wp\/v2\/comments?post=1583"}],"version-history":[{"count":2,"href":"https:\/\/kleenoil.ee\/index.php\/wp-json\/wp\/v2\/pages\/1583\/revisions"}],"predecessor-version":[{"id":7485,"href":"https:\/\/kleenoil.ee\/index.php\/wp-json\/wp\/v2\/pages\/1583\/revisions\/7485"}],"wp:attachment":[{"href":"https:\/\/kleenoil.ee\/index.php\/wp-json\/wp\/v2\/media?parent=1583"}],"curies":[{"name":"wp","href":"https:\/\/api.w.org\/{rel}","templated":true}]}}