{"id":6918,"date":"2022-07-12T09:26:18","date_gmt":"2022-07-12T09:26:18","guid":{"rendered":"http:\/\/kleenoil.ee\/index.php\/toode\/biojaatmete-amber-biofiltriga-40l-pruun\/"},"modified":"2022-07-12T17:21:09","modified_gmt":"2022-07-12T17:21:09","slug":"biojaatmete-amber-biofiltriga-40l-pruun","status":"publish","type":"product","link":"https:\/\/kleenoil.ee\/index.php\/toode\/biojaatmete-amber-biofiltriga-40l-pruun\/","title":{"rendered":"Bioj\u00e4\u00e4tmete \u00e4mber biofiltriga 40L pruun"},"content":{"rendered":"<p>40L plastikust pr&uuml;gikast k&auml;epidemega ja &#8220;lukustatava&#8221; kaanega.<\/p>\n<p>Biofilter spetsiaalsete mikroorganismidega, mis absorbeerivad&nbsp;ebameeldivat l&otilde;hna.<\/p>\n<p>Biofiltri vahetamise sagedus &#8211; iga 4 &#8211; 6 kuu tagant.<\/p>\n<p><span>40L &#8211; k&otilde;rgus 44,5cm\/ laius 37cm\/ s&uuml;gavus 43,0cm<\/span><\/p>\n","protected":false},"excerpt":{"rendered":"<h1>Mikrobioloogilise filtriga pr&uuml;gikast<\/h1>\n","protected":false},"featured_media":5513,"template":"","meta":[],"product_brand":[],"product_cat":[312],"product_tag":[],"class_list":{"0":"post-6918","1":"product","2":"type-product","3":"status-publish","4":"has-post-thumbnail","6":"product_cat-prugikastid","7":"product_shipping_class-145","9":"first","10":"instock","11":"virtual","12":"taxable","13":"purchasable","14":"product-type-simple"},"_links":{"self":[{"href":"https:\/\/kleenoil.ee\/index.php\/wp-json\/wp\/v2\/product\/6918","targetHints":{"allow":["GET"]}}],"collection":[{"href":"https:\/\/kleenoil.ee\/index.php\/wp-json\/wp\/v2\/product"}],"about":[{"href":"https:\/\/kleenoil.ee\/index.php\/wp-json\/wp\/v2\/types\/product"}],"wp:featuredmedia":[{"embeddable":true,"href":"https:\/\/kleenoil.ee\/index.php\/wp-json\/wp\/v2\/media\/5513"}],"wp:attachment":[{"href":"https:\/\/kleenoil.ee\/index.php\/wp-json\/wp\/v2\/media?parent=6918"}],"wp:term":[{"taxonomy":"product_brand","embeddable":true,"href":"https:\/\/kleenoil.ee\/index.php\/wp-json\/wp\/v2\/product_brand?post=6918"},{"taxonomy":"product_cat","embeddable":true,"href":"https:\/\/kleenoil.ee\/index.php\/wp-json\/wp\/v2\/product_cat?post=6918"},{"taxonomy":"product_tag","embeddable":true,"href":"https:\/\/kleenoil.ee\/index.php\/wp-json\/wp\/v2\/product_tag?post=6918"}],"curies":[{"name":"wp","href":"https:\/\/api.w.org\/{rel}","templated":true}]}}