{"id":6919,"date":"2022-07-12T09:26:18","date_gmt":"2022-07-12T09:26:18","guid":{"rendered":"http:\/\/kleenoil.ee\/index.php\/toode\/biojaatmete-amber-biofiltriga-5l-rohekas\/"},"modified":"2022-07-12T17:21:09","modified_gmt":"2022-07-12T17:21:09","slug":"biojaatmete-amber-biofiltriga-5l-rohekas","status":"publish","type":"product","link":"https:\/\/kleenoil.ee\/index.php\/toode\/biojaatmete-amber-biofiltriga-5l-rohekas\/","title":{"rendered":"Bioj\u00e4\u00e4tmete \u00e4mber biofiltriga 5L rohekas"},"content":{"rendered":"<p>5L plastikust pr&uuml;gikast k&auml;epidemega ja &#8220;lukustatava&#8221; kaanega.<\/p>\n<p>Biofilter spetsiaalsete mikroorganismidega, mis absorbeerivad&nbsp;ebameeldivat l&otilde;hna.<\/p>\n<p>Biofiltri vahetamise sagedus &#8211; iga 6 kuu tagant.<\/p>\n","protected":false},"excerpt":{"rendered":"<h1>Mikrobioloogilise filtriga pr&uuml;gikast.<\/h1>\n","protected":false},"featured_media":5516,"template":"","meta":[],"product_brand":[],"product_cat":[312],"product_tag":[],"class_list":{"0":"post-6919","1":"product","2":"type-product","3":"status-publish","4":"has-post-thumbnail","6":"product_cat-prugikastid","7":"product_shipping_class-144","8":"pa_korgus-30cm","9":"pa_laius-alt-19cm-ulevalt-25cm","10":"pa_sugavus-alt-14cm-ulevalt-20cm","12":"first","13":"instock","14":"virtual","15":"taxable","16":"purchasable","17":"product-type-simple"},"_links":{"self":[{"href":"https:\/\/kleenoil.ee\/index.php\/wp-json\/wp\/v2\/product\/6919","targetHints":{"allow":["GET"]}}],"collection":[{"href":"https:\/\/kleenoil.ee\/index.php\/wp-json\/wp\/v2\/product"}],"about":[{"href":"https:\/\/kleenoil.ee\/index.php\/wp-json\/wp\/v2\/types\/product"}],"wp:featuredmedia":[{"embeddable":true,"href":"https:\/\/kleenoil.ee\/index.php\/wp-json\/wp\/v2\/media\/5516"}],"wp:attachment":[{"href":"https:\/\/kleenoil.ee\/index.php\/wp-json\/wp\/v2\/media?parent=6919"}],"wp:term":[{"taxonomy":"product_brand","embeddable":true,"href":"https:\/\/kleenoil.ee\/index.php\/wp-json\/wp\/v2\/product_brand?post=6919"},{"taxonomy":"product_cat","embeddable":true,"href":"https:\/\/kleenoil.ee\/index.php\/wp-json\/wp\/v2\/product_cat?post=6919"},{"taxonomy":"product_tag","embeddable":true,"href":"https:\/\/kleenoil.ee\/index.php\/wp-json\/wp\/v2\/product_tag?post=6919"}],"curies":[{"name":"wp","href":"https:\/\/api.w.org\/{rel}","templated":true}]}}