{"id":7025,"date":"2022-07-12T09:26:29","date_gmt":"2022-07-12T09:26:29","guid":{"rendered":"http:\/\/kleenoil.ee\/index.php\/toode\/montaazimaare-montage-tar-400ml\/"},"modified":"2022-07-12T17:21:06","modified_gmt":"2022-07-12T17:21:06","slug":"montaazimaare-montage-tar-400ml","status":"publish","type":"product","link":"https:\/\/kleenoil.ee\/index.php\/toode\/montaazimaare-montage-tar-400ml\/","title":{"rendered":"Montaa\u017eim\u00e4\u00e4re Montage Tar 400ml"},"content":{"rendered":"<p><strong>Mounting Tar&nbsp;<\/strong>on t&otilde;hus kaitsem&auml;&auml;re polt&uuml;henduste jaoks. M&auml;nnit&otilde;rv on looduse parim korrosioonivastane aine, mis t&otilde;rjub petrooleumil p&otilde;hinevaid aineid, leeliseliseid pesuvahendeid ja enamik teisi kemikaale. Moodustab kauap&uuml;siva t&auml;iesti mustust h&uuml;lgava pinna.<\/p>\n<p>&nbsp;<b>&#8211; Talub temperatuure kuni + 100&deg;C<\/b><\/p>\n<p><b>Kasutusvaldkonnad:<br \/><\/b>&nbsp;&#8211; S&otilde;idukite kered<br \/>&nbsp;&#8211; Rehvit&ouml;&ouml;kojad<br \/>&nbsp;&#8211; Polt&uuml;hendused<br \/>&nbsp;&#8211; Muud korrosiooniohtlikud kohad<\/p>\n","protected":false},"excerpt":{"rendered":"<p><strong>Mounting Tar&nbsp;<\/strong>on t&otilde;hus m&auml;nnit&otilde;rval p&otilde;hinev kaitsem&auml;&auml;re polt&uuml;henduste jaoks<\/p>\n","protected":false},"featured_media":5709,"template":"","meta":[],"product_brand":[],"product_cat":[327,310],"product_tag":[],"class_list":{"0":"post-7025","1":"product","2":"type-product","3":"status-publish","4":"has-post-thumbnail","6":"product_cat-aerosoolid","7":"product_cat-maardeained","8":"product_shipping_class-1-3-paeva","10":"first","11":"instock","12":"virtual","13":"taxable","14":"purchasable","15":"product-type-simple"},"_links":{"self":[{"href":"https:\/\/kleenoil.ee\/index.php\/wp-json\/wp\/v2\/product\/7025","targetHints":{"allow":["GET"]}}],"collection":[{"href":"https:\/\/kleenoil.ee\/index.php\/wp-json\/wp\/v2\/product"}],"about":[{"href":"https:\/\/kleenoil.ee\/index.php\/wp-json\/wp\/v2\/types\/product"}],"wp:featuredmedia":[{"embeddable":true,"href":"https:\/\/kleenoil.ee\/index.php\/wp-json\/wp\/v2\/media\/5709"}],"wp:attachment":[{"href":"https:\/\/kleenoil.ee\/index.php\/wp-json\/wp\/v2\/media?parent=7025"}],"wp:term":[{"taxonomy":"product_brand","embeddable":true,"href":"https:\/\/kleenoil.ee\/index.php\/wp-json\/wp\/v2\/product_brand?post=7025"},{"taxonomy":"product_cat","embeddable":true,"href":"https:\/\/kleenoil.ee\/index.php\/wp-json\/wp\/v2\/product_cat?post=7025"},{"taxonomy":"product_tag","embeddable":true,"href":"https:\/\/kleenoil.ee\/index.php\/wp-json\/wp\/v2\/product_tag?post=7025"}],"curies":[{"name":"wp","href":"https:\/\/api.w.org\/{rel}","templated":true}]}}