{"id":7032,"date":"2022-07-12T09:26:31","date_gmt":"2022-07-12T09:26:31","guid":{"rendered":"http:\/\/kleenoil.ee\/index.php\/toode\/oklin-jaatmejaam-kusi-oma-lahendus\/"},"modified":"2022-07-12T17:21:05","modified_gmt":"2022-07-12T17:21:05","slug":"oklin-jaatmejaam-kusi-oma-lahendus","status":"publish","type":"product","link":"https:\/\/kleenoil.ee\/index.php\/toode\/oklin-jaatmejaam-kusi-oma-lahendus\/","title":{"rendered":"OKLIN j\u00e4\u00e4tmejaam &#8211; K\u00dcSI OMA LAHENDUS"},"content":{"rendered":"<div class=\"page\" title=\"Page 17\">\n<div class=\"layoutArea\">\n<div class=\"column\">\n<p><span>Ainult kaubandusettevo\u0303tetes liigiti kogutud ja ja\u0308a\u0308tmetena ka\u0308ideldud toiduja\u0308a\u0308tmete kogus JATS andmete po\u0303hjal (2013) oli 5000 tonni aastas. T&auml;naseks on see arv ilmselt kahekordistunud. Lisaks sellele on suurimad toiduj&auml;&auml;tme tekitajad Eestis toiduaine tootjad, koolid ja lasteaiad. OKLIN suudaks lahendada meie kallis Eestis korralikult sorteeritud orgaaniliste j&auml;&auml;tmete k&auml;itluse 100% k&otilde;igest 5 jaamaga Eestis. Kui me ei saanud EU viie rikkama riigi sekka, siis esimeseks 90% orgaailise j&auml;&auml;tme k&auml;itlejaks v&otilde;iksime saada aastaga.&nbsp;<\/span><\/p>\n<\/div>\n<\/div>\n<\/div>\n","protected":false},"excerpt":{"rendered":"<p>Kliendip&otilde;hised lahendused kohapeal kompostimiseks. V&otilde;imekus eraldiseisvatel seadmetel 5 kg &#8211; 1400kg &ouml;&ouml;p&auml;evas, kombineeritult taaskasutusjaamaks 1500 kg &#8211; 30 tonni &ouml;&ouml;p&auml;evas!<\/p>\n<p><strong>Stockholm Environment Institute poolt Eestis l&auml;bi viidud uuringu p&otilde;hjal<\/strong><\/p>\n<p>Tekitab keskmine Eesti leibkond 2.5 kg toiduj&auml;&auml;tmeid n&auml;dalas (ca 1 kg per inimene), see teeb omakorda 130.4 kg aastas (54.1 kg per inimene). Kui n&uuml;&uuml;d v&otilde;tta n&auml;iteks 60 korteriga elamu, siis nende tekitatud toiduj&auml;&auml;tmete kogus aastas on umbes 7,8 tonni!<\/p>\n<p><span style=\"font-size: small;\"><strong>OKLIN GG-10s komposter lahendab sellise kotermaja j&auml;&auml;tmeprobleemi kergusega, mades aastast v&otilde;imekust 10 tonni!<\/strong><\/span><\/p>\n<p><span style=\"font-size: x-small;\">OKLIN v&auml;hendab kompostimise k&auml;igus j&auml;&auml;tmete kogust 80-90%, seega v&auml;hendaksite proportsionaalselt ka j&auml;&auml;tmevedusid ja l&auml;bi selle tekkivat saastet, m&uuml;ra ja inimresursi kulu.<\/span><\/p>\n","protected":false},"featured_media":5725,"template":"","meta":[],"product_brand":[],"product_cat":[326],"product_tag":[],"class_list":{"0":"post-7032","1":"product","2":"type-product","3":"status-publish","4":"has-post-thumbnail","6":"product_cat-kiirkompostrid-kompost-24-tunniga","8":"first","9":"instock","10":"virtual","11":"taxable","12":"purchasable","13":"product-type-simple"},"_links":{"self":[{"href":"https:\/\/kleenoil.ee\/index.php\/wp-json\/wp\/v2\/product\/7032","targetHints":{"allow":["GET"]}}],"collection":[{"href":"https:\/\/kleenoil.ee\/index.php\/wp-json\/wp\/v2\/product"}],"about":[{"href":"https:\/\/kleenoil.ee\/index.php\/wp-json\/wp\/v2\/types\/product"}],"wp:featuredmedia":[{"embeddable":true,"href":"https:\/\/kleenoil.ee\/index.php\/wp-json\/wp\/v2\/media\/5725"}],"wp:attachment":[{"href":"https:\/\/kleenoil.ee\/index.php\/wp-json\/wp\/v2\/media?parent=7032"}],"wp:term":[{"taxonomy":"product_brand","embeddable":true,"href":"https:\/\/kleenoil.ee\/index.php\/wp-json\/wp\/v2\/product_brand?post=7032"},{"taxonomy":"product_cat","embeddable":true,"href":"https:\/\/kleenoil.ee\/index.php\/wp-json\/wp\/v2\/product_cat?post=7032"},{"taxonomy":"product_tag","embeddable":true,"href":"https:\/\/kleenoil.ee\/index.php\/wp-json\/wp\/v2\/product_tag?post=7032"}],"curies":[{"name":"wp","href":"https:\/\/api.w.org\/{rel}","templated":true}]}}