{"id":7033,"date":"2022-07-12T09:26:31","date_gmt":"2022-07-12T09:26:31","guid":{"rendered":"http:\/\/kleenoil.ee\/index.php\/toode\/olianaluusi-pudel-4oz\/"},"modified":"2022-07-12T17:21:05","modified_gmt":"2022-07-12T17:21:05","slug":"olianaluusi-pudel-4oz","status":"publish","type":"product","link":"https:\/\/kleenoil.ee\/index.php\/toode\/olianaluusi-pudel-4oz\/","title":{"rendered":"\u00d5lianal\u00fc\u00fcsi pudel 4oz"},"content":{"rendered":"","protected":false},"excerpt":{"rendered":"<p>&otilde;lianal&uuml;&uuml;si v&otilde;tmiseks puhas pudel<\/p>\n","protected":false},"featured_media":5730,"template":"","meta":[],"product_brand":[],"product_cat":[323],"product_tag":[],"class_list":{"0":"post-7033","1":"product","2":"type-product","3":"status-publish","4":"has-post-thumbnail","6":"product_cat-tarvikud","8":"first","9":"instock","10":"virtual","11":"taxable","12":"purchasable","13":"product-type-simple"},"_links":{"self":[{"href":"https:\/\/kleenoil.ee\/index.php\/wp-json\/wp\/v2\/product\/7033","targetHints":{"allow":["GET"]}}],"collection":[{"href":"https:\/\/kleenoil.ee\/index.php\/wp-json\/wp\/v2\/product"}],"about":[{"href":"https:\/\/kleenoil.ee\/index.php\/wp-json\/wp\/v2\/types\/product"}],"wp:featuredmedia":[{"embeddable":true,"href":"https:\/\/kleenoil.ee\/index.php\/wp-json\/wp\/v2\/media\/5730"}],"wp:attachment":[{"href":"https:\/\/kleenoil.ee\/index.php\/wp-json\/wp\/v2\/media?parent=7033"}],"wp:term":[{"taxonomy":"product_brand","embeddable":true,"href":"https:\/\/kleenoil.ee\/index.php\/wp-json\/wp\/v2\/product_brand?post=7033"},{"taxonomy":"product_cat","embeddable":true,"href":"https:\/\/kleenoil.ee\/index.php\/wp-json\/wp\/v2\/product_cat?post=7033"},{"taxonomy":"product_tag","embeddable":true,"href":"https:\/\/kleenoil.ee\/index.php\/wp-json\/wp\/v2\/product_tag?post=7033"}],"curies":[{"name":"wp","href":"https:\/\/api.w.org\/{rel}","templated":true}]}}