{"id":7149,"date":"2022-07-12T09:26:41","date_gmt":"2022-07-12T09:26:41","guid":{"rendered":"http:\/\/kleenoil.ee\/index.php\/toode\/taissunteetiline-mootorioli-heavy-truck-10w-40\/"},"modified":"2022-07-12T17:21:04","modified_gmt":"2022-07-12T17:21:04","slug":"taissunteetiline-mootorioli-heavy-truck-10w-40","status":"publish","type":"product","link":"https:\/\/kleenoil.ee\/index.php\/toode\/taissunteetiline-mootorioli-heavy-truck-10w-40\/","title":{"rendered":"T\u00e4iss\u00fcnteetiline mootori\u00f5li Heavy Truck 10W-40"},"content":{"rendered":"<p><strong>Heavy Truck&nbsp;<\/strong>pm eksklusiivne t&auml;iss&uuml;nteetiline Low SAPS mootori&otilde;li suurtele kaasaegsetele diiselmootoritele. Sobib nii osakeste filtriga (DPF) kui ka ilma filtrita mootoritele. Suure j&otilde;udlusega mootori&otilde;li k&uuml;tust s&auml;&auml;stvate omadustega rasketesse tingimustesse. <br \/><strong>Pikendab tootja etten&auml;htud &otilde;livahetusintervalli kuni 10 000 miili.<\/strong> Soovitatav diiselmootoritele, mis vastavad&nbsp;<strong>EURO 5&nbsp;<\/strong>v&otilde;i&nbsp;<strong>EURO 6<\/strong> heiten&otilde;utele. Kaasaegsed mootorid toodavad rohkem kuumust, kui vanemad ja esitavad seega &otilde;lidele suuremaid n&otilde;udmisi.&nbsp;<strong>Heavy Truck&nbsp;<\/strong>koostisosad tagavad t&ouml;&ouml;kindluse ka k&otilde;ige raskemates tingimustes.<\/p>\n<p><strong>Omadused:<\/strong><br \/>&nbsp;&#8211; Suurep&auml;rane hapnikusidumise stabiilsus k&otilde;rgetel temperatuuridel<br \/>&nbsp;&#8211; T&otilde;hus vastupanu termilisele lagunemisele<br \/>&nbsp;&#8211; V&auml;ga stabiilne viskoossus<br \/>&nbsp;&#8211; V&auml;hendab &otilde;likulu<br \/>&nbsp;&#8211; V&auml;ga hea pumbatavus k&uuml;lmaga<br \/>&nbsp;&#8211; K&uuml;tuses&auml;&auml;stlikud omadused<\/p>\n<p><strong>Heakskiit:<\/strong><br \/>&nbsp;&#8211; DEUTZ: DQC III-05<br \/>&nbsp;&#8211;&nbsp;MACK: EO N<br \/>&nbsp;&#8211;&nbsp;MAN M3277<br \/>&nbsp;&#8211;&nbsp;MB: 228.5<br \/>&nbsp;&#8211;&nbsp;MTU MTL 5044 TYPE 3<br \/>&nbsp;&#8211;&nbsp;RENAULT: RLD-2 \/ RXD<br \/>&nbsp;&#8211;&nbsp;Scania: LDF-3<br \/>&nbsp;&#8211;&nbsp;VOLVO: VDS-3<\/p>\n<p><strong>Vastab:<br \/>&nbsp;&#8211;&nbsp;<\/strong>ACEA E4 \/ E7<br \/><strong>&nbsp;&#8211;&nbsp;<\/strong>API CI-4<br \/><strong>&nbsp;&#8211;&nbsp;<\/strong>Cummins CES 20077\/78<br \/><strong>&nbsp;&#8211;&nbsp;<\/strong>DAF Extended Drain<br \/><strong>&nbsp;&#8211;&nbsp;<\/strong>Deutz: DQC III-10<br \/><strong>&nbsp;&#8211;&nbsp;<\/strong>IVECO<br \/><strong>&nbsp;&#8211;&nbsp;<\/strong>MACK: EO-M Plus<br \/><strong>&nbsp;&#8211;&nbsp;<\/strong>RENAULT: RXD<br \/><strong>&nbsp;&#8211;&nbsp;<\/strong>ZF TE-ML03A, 07D<\/p>\n<p>&nbsp;<\/p>\n","protected":false},"excerpt":{"rendered":"<p><strong>Heavy Truck&nbsp;<\/strong>on eksklusiivne t&auml;iss&uuml;nteetiline Low SAPS mootori&otilde;li suurtele kaasaegsetele diiselmootoritele.<\/p>\n","protected":false},"featured_media":5855,"template":"","meta":[],"product_brand":[],"product_cat":[310,321],"product_tag":[],"class_list":{"0":"post-7149","1":"product","2":"type-product","3":"status-publish","4":"has-post-thumbnail","6":"product_cat-maardeained","7":"product_cat-mootoriolid","8":"product_shipping_class-1-3-paeva","9":"pa_kogus-1000l","10":"pa_kogus-208l","11":"pa_kogus-20l","13":"first","14":"instock","15":"taxable","16":"shipping-taxable","17":"purchasable","18":"product-type-variable"},"_links":{"self":[{"href":"https:\/\/kleenoil.ee\/index.php\/wp-json\/wp\/v2\/product\/7149","targetHints":{"allow":["GET"]}}],"collection":[{"href":"https:\/\/kleenoil.ee\/index.php\/wp-json\/wp\/v2\/product"}],"about":[{"href":"https:\/\/kleenoil.ee\/index.php\/wp-json\/wp\/v2\/types\/product"}],"wp:featuredmedia":[{"embeddable":true,"href":"https:\/\/kleenoil.ee\/index.php\/wp-json\/wp\/v2\/media\/5855"}],"wp:attachment":[{"href":"https:\/\/kleenoil.ee\/index.php\/wp-json\/wp\/v2\/media?parent=7149"}],"wp:term":[{"taxonomy":"product_brand","embeddable":true,"href":"https:\/\/kleenoil.ee\/index.php\/wp-json\/wp\/v2\/product_brand?post=7149"},{"taxonomy":"product_cat","embeddable":true,"href":"https:\/\/kleenoil.ee\/index.php\/wp-json\/wp\/v2\/product_cat?post=7149"},{"taxonomy":"product_tag","embeddable":true,"href":"https:\/\/kleenoil.ee\/index.php\/wp-json\/wp\/v2\/product_tag?post=7149"}],"curies":[{"name":"wp","href":"https:\/\/api.w.org\/{rel}","templated":true}]}}