{"id":7150,"date":"2022-07-12T09:26:41","date_gmt":"2022-07-12T09:26:41","guid":{"rendered":"http:\/\/kleenoil.ee\/index.php\/toode\/taissunteetiline-mootorioli-pro-guard-5w40\/"},"modified":"2022-07-12T17:21:04","modified_gmt":"2022-07-12T17:21:04","slug":"taissunteetiline-mootorioli-pro-guard-5w40","status":"publish","type":"product","link":"https:\/\/kleenoil.ee\/index.php\/toode\/taissunteetiline-mootorioli-pro-guard-5w40\/","title":{"rendered":"T\u00e4iss\u00fcnteetiline mootori\u00f5li PRO Guard 5W40"},"content":{"rendered":"<p><strong>Pro Guard&nbsp;<\/strong>on t&auml;iss&uuml;nteetiline k&otilde;rgkvaliteetne mootori&otilde;li suure j&otilde;udlusega bensiini- ja diiselmootoritega s&otilde;iduautodele ja kergeveokitele. Sobib kasutamiseks&nbsp;<strong>ilma DPF&nbsp;<\/strong>filtrita masinatel.<strong><br \/><\/strong><\/p>\n<p><strong>Eelised:<\/strong><br \/>&nbsp;&#8211; T&otilde;hus vastupanu hapetel<br \/>&nbsp;&#8211; V&auml;ldib &otilde;li degradeerumist<br \/>&nbsp;&#8211; V&auml;ldib mudast struktuuri<br \/>&nbsp;&#8211; Pikendab &otilde;livahetusintervalle<br \/>&nbsp;&#8211; V&auml;ga stabiilne ka k&otilde;rgetel temperatuuridel<br \/>&nbsp;&#8211; K&otilde;rge viskoossuse stabiilsus<br \/>&nbsp;&#8211; T&otilde;hus kaitse kulumise eest<br \/>&nbsp;&#8211; Aktiivsed ained tagavad puhtama mootori<\/p>\n<p><strong>Heakskiit:<br \/><\/strong> &#8211; BMW LL-01<br \/>&nbsp;&#8211; MB 226.5 \/ 229.5<br \/>&nbsp;&#8211; PORCHE A40<br \/>&nbsp;&#8211; RENAULT RN 0710 \/ 0700 RN<br \/>&nbsp;&#8211; VW 502 00 \/ 505 00<\/p>\n<p><strong>T&auml;idab:<\/strong><br \/>&nbsp;&#8211; ACEA A3 \/ B4<br \/>&nbsp;&#8211; API SN \/ CF<br \/>&nbsp;&#8211; FIAT 9.55535-M2 \/ 9.55535-N2<br \/>&nbsp;&#8211; GM GM-LL-B-025<br \/>&nbsp;&#8211; ISLAC GF-3<br \/>&nbsp;&#8211; PSA 2296 B71<\/p>\n","protected":false},"excerpt":{"rendered":"<p><strong>Pro Guard&nbsp;<\/strong>on t&auml;iss&uuml;nteetiline k&otilde;rgkvaliteetne mootori&otilde;li suure j&otilde;udlusega bensiini- ja diiselmootoritega s&otilde;iduautodele ja kergeveokitele.<\/p>\n","protected":false},"featured_media":5857,"template":"","meta":[],"product_brand":[],"product_cat":[310,321],"product_tag":[],"class_list":{"0":"post-7150","1":"product","2":"type-product","3":"status-publish","4":"has-post-thumbnail","6":"product_cat-maardeained","7":"product_cat-mootoriolid","8":"product_shipping_class-1-3-paeva","9":"pa_kogus-1l","10":"pa_kogus-20l","11":"pa_kogus-4l","13":"first","14":"instock","15":"taxable","16":"shipping-taxable","17":"purchasable","18":"product-type-variable"},"_links":{"self":[{"href":"https:\/\/kleenoil.ee\/index.php\/wp-json\/wp\/v2\/product\/7150","targetHints":{"allow":["GET"]}}],"collection":[{"href":"https:\/\/kleenoil.ee\/index.php\/wp-json\/wp\/v2\/product"}],"about":[{"href":"https:\/\/kleenoil.ee\/index.php\/wp-json\/wp\/v2\/types\/product"}],"wp:featuredmedia":[{"embeddable":true,"href":"https:\/\/kleenoil.ee\/index.php\/wp-json\/wp\/v2\/media\/5857"}],"wp:attachment":[{"href":"https:\/\/kleenoil.ee\/index.php\/wp-json\/wp\/v2\/media?parent=7150"}],"wp:term":[{"taxonomy":"product_brand","embeddable":true,"href":"https:\/\/kleenoil.ee\/index.php\/wp-json\/wp\/v2\/product_brand?post=7150"},{"taxonomy":"product_cat","embeddable":true,"href":"https:\/\/kleenoil.ee\/index.php\/wp-json\/wp\/v2\/product_cat?post=7150"},{"taxonomy":"product_tag","embeddable":true,"href":"https:\/\/kleenoil.ee\/index.php\/wp-json\/wp\/v2\/product_tag?post=7150"}],"curies":[{"name":"wp","href":"https:\/\/api.w.org\/{rel}","templated":true}]}}