{"id":7151,"date":"2022-07-12T09:26:41","date_gmt":"2022-07-12T09:26:41","guid":{"rendered":"http:\/\/kleenoil.ee\/index.php\/toode\/taissunteetiline-mootorioli-supreme-9000-5w-40\/"},"modified":"2022-07-12T17:21:04","modified_gmt":"2022-07-12T17:21:04","slug":"taissunteetiline-mootorioli-supreme-9000-5w-40","status":"publish","type":"product","link":"https:\/\/kleenoil.ee\/index.php\/toode\/taissunteetiline-mootorioli-supreme-9000-5w-40\/","title":{"rendered":"T\u00e4iss\u00fcnteetiline mootori\u00f5li Supreme 9000 5W-40"},"content":{"rendered":"<div>\n<div><span style=\"font-size: medium;\"><b>#372 Supreme 9000 SAE 5W-40 (-42<span>&deg;<\/span>C)<\/b><\/span><\/div>\n<div><span style=\"font-size: medium;\"><b>&nbsp;<\/b><\/span><\/div>\n<div><strong>T&auml;iss&uuml;nteetiline Longlife k&uuml;tuses&auml;&auml;stlik mootori&otilde;li. EURO 5 ja EURO 6<\/strong><\/div>\n<div>Baas&otilde;lina kasutatud parimaid s&uuml;nteetilisi parafiinseid &otilde;lisid (PAO) ning neile on lisatud erilised patenteeritud lisaained Micron Moly&reg;&nbsp;ja&nbsp;Penetro&reg;. Hoiab &auml;ra metall-metall kontakti ja tagab &uuml;limadala h&otilde;&otilde;rdumise. Survetaluvus 500000 psi. Hoiab suure j&otilde;udlusega mootorid pikka aega uuena ka rasketes tingimustes.<\/div>\n<div>Low SAPS (madal&nbsp;sulfaattuha, v&auml;&auml;vli ja fosfori sisaldus) tehnoloogia kaitsmaks heitgaaside j&auml;relt&ouml;&ouml;tlemise s&uuml;steemi EURO 5 ja EURO 6 s&otilde;idukites.<\/div>\n<div>Sobib kasutamiseks k&uuml;bemefiltriga&nbsp;(DPF)&nbsp;v&otilde;i muud heitkoguste kontrollis&uuml;steemiga.<\/div>\n<div>Optimaalne mootori&otilde;li v&otilde;idus&otilde;iduautodele.<\/p>\n<p><strong>Eelised:<br \/><\/strong>&nbsp;&#8211; Suurep&auml;rased k&uuml;lmk&auml;ivutse omadused<br \/>&nbsp;&#8211; Erakordne oks&uuml;datsioonikindlus<br \/>&nbsp;&#8211; Erakordne kaitse termilise lagunemise vastu<br \/>&nbsp;&#8211; K&otilde;rge viskoossusindeks<br \/>&nbsp;&#8211; K&otilde;rge soojuse hajumine<br \/>&nbsp;&#8211; Madal h&otilde;&otilde;rdetegur<br \/>&nbsp;&#8211; V&auml;ga hea nakkumine<br \/>&nbsp;&#8211; Ei vahuta<br \/>&nbsp;&#8211; K&uuml;tuses&auml;&auml;stlik<br \/>&nbsp;&#8211; Pikendab &otilde;livahetusintervalle<\/div>\n<\/div>\n<div>&nbsp;<\/div>\n<div><strong>Rakendused:&nbsp;<\/strong><\/div>\n<div>bensiinimootorid ja kerge- ja raskeveokite diiselmootorid.<\/div>\n<div>&nbsp;<\/div>\n<div><strong>Vastab \/ &uuml;letab:&nbsp;<\/strong><\/div>\n<div>ACEA E7-12, E9-12, API CJ-4, CI-4 +, CI-4, SM. MB: 228,1, 228,3, 228,31, 228.5, 229,1, 229,3, 229,5, Volvo: VDS-4, Duetz, MAN: 271, 3275, MTU 2, Renault: RLD-3, Scania: LD-F, LDF-2, LDF-3, LA, LA-2, Iveco, DAF, Global Spec DHD-1, JASO DH-1, DH 2, Mack EO-0-07, Caterpillar ECF-1-A, ECF-2 ECF 3, Cummins CES 20081, Detroit Diesel: 7SE 270, Power Guard Spec 93K218, 2000\/4000 Category 1, Navistar, VW 505.01 och 505.00.<\/div>\n","protected":false},"excerpt":{"rendered":"<p><span>T&auml;iss&uuml;nteetiline Longlife k&uuml;tuses&auml;&auml;stlik mootori&otilde;li Supreme 9000 5W-40. Vastab EURO 5 ja EURO 6 heiten&otilde;uetele.<\/span><\/p>\n","protected":false},"featured_media":5859,"template":"","meta":[],"product_brand":[],"product_cat":[310,321,333],"product_tag":[],"class_list":{"0":"post-7151","1":"product","2":"type-product","3":"status-publish","4":"has-post-thumbnail","6":"product_cat-maardeained","7":"product_cat-mootoriolid","8":"product_cat-racing-tooted","9":"product_shipping_class-1-3-paeva","10":"pa_kogus-1l","11":"pa_kogus-20l","12":"pa_kogus-4l","14":"first","15":"instock","16":"taxable","17":"shipping-taxable","18":"purchasable","19":"product-type-variable"},"_links":{"self":[{"href":"https:\/\/kleenoil.ee\/index.php\/wp-json\/wp\/v2\/product\/7151","targetHints":{"allow":["GET"]}}],"collection":[{"href":"https:\/\/kleenoil.ee\/index.php\/wp-json\/wp\/v2\/product"}],"about":[{"href":"https:\/\/kleenoil.ee\/index.php\/wp-json\/wp\/v2\/types\/product"}],"wp:featuredmedia":[{"embeddable":true,"href":"https:\/\/kleenoil.ee\/index.php\/wp-json\/wp\/v2\/media\/5859"}],"wp:attachment":[{"href":"https:\/\/kleenoil.ee\/index.php\/wp-json\/wp\/v2\/media?parent=7151"}],"wp:term":[{"taxonomy":"product_brand","embeddable":true,"href":"https:\/\/kleenoil.ee\/index.php\/wp-json\/wp\/v2\/product_brand?post=7151"},{"taxonomy":"product_cat","embeddable":true,"href":"https:\/\/kleenoil.ee\/index.php\/wp-json\/wp\/v2\/product_cat?post=7151"},{"taxonomy":"product_tag","embeddable":true,"href":"https:\/\/kleenoil.ee\/index.php\/wp-json\/wp\/v2\/product_tag?post=7151"}],"curies":[{"name":"wp","href":"https:\/\/api.w.org\/{rel}","templated":true}]}}