{"id":7152,"date":"2022-07-12T09:26:41","date_gmt":"2022-07-12T09:26:41","guid":{"rendered":"http:\/\/kleenoil.ee\/index.php\/toode\/taissunteetiline-mootorioli-supreme-9003-5w-30\/"},"modified":"2022-07-12T17:21:04","modified_gmt":"2022-07-12T17:21:04","slug":"taissunteetiline-mootorioli-supreme-9003-5w-30","status":"publish","type":"product","link":"https:\/\/kleenoil.ee\/index.php\/toode\/taissunteetiline-mootorioli-supreme-9003-5w-30\/","title":{"rendered":"T\u00e4iss\u00fcnteetiline mootori\u00f5li Supreme 9003 5W-30"},"content":{"rendered":"<div><span style=\"font-size: medium;\"><strong>#<b>370 Supreme 9003 SAE 5W-30&nbsp;<\/b><b>(-42<span>&deg;<\/span>C)<\/b><\/strong><\/span><\/div>\n<div><strong>&nbsp;<\/strong><\/div>\n<div><strong>T&auml;iss&uuml;nteetiline Longlife k&uuml;tuses&auml;&auml;stlik mootori&otilde;li.&nbsp;<\/strong><\/div>\n<div>Baas&otilde;lina on kasutatud parimaid s&uuml;nteetilisi parafiinseid &otilde;lisid (PAO) ning neile on lisatud erilised patenteeritud lisaained Micron Moly&reg;&nbsp;ja&nbsp;Penetro&reg;. Hoiab &auml;ra metall-metall kontakti ja tagab &uuml;limadala h&otilde;&otilde;rdumise. Survetaluvus 500000 psi. Hoiab suure j&otilde;udlusega mootorid pikka aega uuena ka rasketes tingimustes.&nbsp;<\/div>\n<div>&nbsp;<\/div>\n<div><strong>Rakendused:&nbsp;<\/strong><\/div>\n<div>Kaasaegsed k&otilde;rgj&otilde;udlusega bensiini- ja etanooli mootorid koos- v&otilde;i ilma katal&uuml;saatorita. Suurep&auml;rane 4-takilise mootoriga lumesaanidele.<\/div>\n<div>&nbsp;<\/div>\n<div><strong>Vastab \/ &uuml;letab:&nbsp;<\/strong><\/div>\n<div>API SN, CID AA-52039B, MIL-46152E, Resource Conserving ILSAC GF-5, GM Dexos-1 &trade;, GM 6094M, Crysler MS-6395Q, Ford WSS M2C945-A (5W-20),<\/div>\n<div>WSS M2C946-A, M2C929-A, A-M2C930, Toyota ja Honda&nbsp;Service Fill Spec., Honda\/Acura HTO-06.<\/div>\n<p>Sobib ka Ford Ecoboost mootoritele, millele on ette n&auml;htud 5W-20 viskoossusega &otilde;li.<\/p>\n","protected":false},"excerpt":{"rendered":"<p><span>T&auml;iss&uuml;nteetiline Longlife k&uuml;tuses&auml;&auml;stlik mootori&otilde;li Supreme 9003 5W-30.<\/span><\/p>\n","protected":false},"featured_media":5861,"template":"","meta":[],"product_brand":[],"product_cat":[310,321,333],"product_tag":[],"class_list":{"0":"post-7152","1":"product","2":"type-product","3":"status-publish","4":"has-post-thumbnail","6":"product_cat-maardeained","7":"product_cat-mootoriolid","8":"product_cat-racing-tooted","9":"product_shipping_class-1-3-paeva","10":"pa_kogus-1l","11":"pa_kogus-20l","12":"pa_kogus-4l","14":"first","15":"instock","16":"taxable","17":"shipping-taxable","18":"purchasable","19":"product-type-variable"},"_links":{"self":[{"href":"https:\/\/kleenoil.ee\/index.php\/wp-json\/wp\/v2\/product\/7152","targetHints":{"allow":["GET"]}}],"collection":[{"href":"https:\/\/kleenoil.ee\/index.php\/wp-json\/wp\/v2\/product"}],"about":[{"href":"https:\/\/kleenoil.ee\/index.php\/wp-json\/wp\/v2\/types\/product"}],"wp:featuredmedia":[{"embeddable":true,"href":"https:\/\/kleenoil.ee\/index.php\/wp-json\/wp\/v2\/media\/5861"}],"wp:attachment":[{"href":"https:\/\/kleenoil.ee\/index.php\/wp-json\/wp\/v2\/media?parent=7152"}],"wp:term":[{"taxonomy":"product_brand","embeddable":true,"href":"https:\/\/kleenoil.ee\/index.php\/wp-json\/wp\/v2\/product_brand?post=7152"},{"taxonomy":"product_cat","embeddable":true,"href":"https:\/\/kleenoil.ee\/index.php\/wp-json\/wp\/v2\/product_cat?post=7152"},{"taxonomy":"product_tag","embeddable":true,"href":"https:\/\/kleenoil.ee\/index.php\/wp-json\/wp\/v2\/product_tag?post=7152"}],"curies":[{"name":"wp","href":"https:\/\/api.w.org\/{rel}","templated":true}]}}