{"id":7153,"date":"2022-07-12T09:26:41","date_gmt":"2022-07-12T09:26:41","guid":{"rendered":"http:\/\/kleenoil.ee\/index.php\/toode\/taissunteetiline-mootorioli-supreme-racing-5w-50\/"},"modified":"2022-07-12T17:21:04","modified_gmt":"2022-07-12T17:21:04","slug":"taissunteetiline-mootorioli-supreme-racing-5w-50","status":"publish","type":"product","link":"https:\/\/kleenoil.ee\/index.php\/toode\/taissunteetiline-mootorioli-supreme-racing-5w-50\/","title":{"rendered":"T\u00e4iss\u00fcnteetiline mootori\u00f5li Supreme Racing 5W-50"},"content":{"rendered":"<p><strong>Supreme Racing<\/strong>&nbsp;on v&auml;ga head omadustega t&auml;iss&uuml;nteetiline mootori&otilde;li, mis on spetsiaalselt arendatud v&otilde;idus&otilde;iduks. Temasse lisatud spetsiaalsed lisandid tagavad &uuml;liv&auml;ikese h&otilde;&otilde;rdeteguri, minimaalse kontakti metallide vahel, madalama &otilde;litemperatuuri ja v&auml;ga suure stabiilsuse rasketes tingimustes.&nbsp;<strong>Supreme Racing<\/strong>&nbsp;p&otilde;hineb unikaalsel kombinatsioonil mitmetest parafiinsetest s&uuml;nteetilistest &otilde;lidest (PAO), millele on lisatud&nbsp;v&otilde;idus&otilde;idule m&otilde;eldes&nbsp;spetsiaalsed lisandid.<\/p>\n<p><strong>T&ouml;&ouml;temperatuur: -42&deg;C kuni +227&deg;C<\/strong><\/p>\n<p><strong>Eelised:<\/strong><br \/>&nbsp;&#8211; Suurep&auml;rased k&uuml;lmk&auml;ivituse omadused<br \/>&nbsp;&#8211; Suurep&auml;rane kaitse oks&uuml;datsiooni eest<br \/>&nbsp;&#8211; Erakordne kaitse termilise lagunemise vastu<br \/>&nbsp;&#8211; K&otilde;rge viskossusindeks<br \/>&nbsp;&#8211; K&otilde;rge soojusjuhtivus<br \/>&nbsp;&#8211; &Uuml;limadal h&otilde;&otilde;rdetegur<br \/>&nbsp;&#8211; Sisaldab tsinki, PTFE ja mol&uuml;bdeendisulfiide<br \/>&nbsp;&#8211; Kaitseb nukkv&otilde;lli ja t&otilde;ukureid<br \/>&nbsp;&#8211; Suurep&auml;rane nihketaluvus<br \/>&nbsp;&#8211; Ei vahuta<br \/>&nbsp;&#8211; Pikem &otilde;livahetusintervall<\/p>\n<p><strong>Vastab:<\/strong><br \/>&nbsp;&#8211; ACEA A1 \/ B1, A3 \/ B4<br \/>&nbsp;&#8211; API SN \/ CF<br \/>&nbsp;&#8211; CID AA-52039B<br \/>&nbsp;&#8211; FORD M2C153G<br \/>&nbsp;&#8211; ESR M2C127-N<br \/>&nbsp;&#8211; ESR M2C179A<br \/>&nbsp;&#8211; SSM 29011-A<br \/>&nbsp;&#8211; WWS-M2C929A<br \/>&nbsp;&#8211; GM 6049M \/ 4718M<br \/>&nbsp;&#8211; CHRYSLER MS9767 \/ MS 6395<br \/>&nbsp;&#8211; MB 229.3 \/ 229.5<br \/>&nbsp;&#8211; JASO JIS K2215<br \/>&nbsp;&#8211; VTW<br \/>&nbsp;&#8211; PORCHE<br \/>&nbsp;&#8211; BMW Longlife-01<br \/>&nbsp;&#8211; VW 501.01 \/ 502.00 \/ 505.00<\/p>\n","protected":false},"excerpt":{"rendered":"<p><strong>Supreme Racing<\/strong>&nbsp;on v&auml;ga head omadustega t&auml;iss&uuml;nteetiline mootori&otilde;li, mis on spetsiaalselt arendatud v&otilde;idus&otilde;iduks.<\/p>\n","protected":false},"featured_media":5863,"template":"","meta":[],"product_brand":[],"product_cat":[310,321,333],"product_tag":[],"class_list":{"0":"post-7153","1":"product","2":"type-product","3":"status-publish","4":"has-post-thumbnail","6":"product_cat-maardeained","7":"product_cat-mootoriolid","8":"product_cat-racing-tooted","9":"product_shipping_class-1-3-paeva","10":"pa_kogus-1l","11":"pa_kogus-20l","12":"pa_kogus-4l","14":"first","15":"instock","16":"taxable","17":"shipping-taxable","18":"purchasable","19":"product-type-variable"},"_links":{"self":[{"href":"https:\/\/kleenoil.ee\/index.php\/wp-json\/wp\/v2\/product\/7153","targetHints":{"allow":["GET"]}}],"collection":[{"href":"https:\/\/kleenoil.ee\/index.php\/wp-json\/wp\/v2\/product"}],"about":[{"href":"https:\/\/kleenoil.ee\/index.php\/wp-json\/wp\/v2\/types\/product"}],"wp:featuredmedia":[{"embeddable":true,"href":"https:\/\/kleenoil.ee\/index.php\/wp-json\/wp\/v2\/media\/5863"}],"wp:attachment":[{"href":"https:\/\/kleenoil.ee\/index.php\/wp-json\/wp\/v2\/media?parent=7153"}],"wp:term":[{"taxonomy":"product_brand","embeddable":true,"href":"https:\/\/kleenoil.ee\/index.php\/wp-json\/wp\/v2\/product_brand?post=7153"},{"taxonomy":"product_cat","embeddable":true,"href":"https:\/\/kleenoil.ee\/index.php\/wp-json\/wp\/v2\/product_cat?post=7153"},{"taxonomy":"product_tag","embeddable":true,"href":"https:\/\/kleenoil.ee\/index.php\/wp-json\/wp\/v2\/product_tag?post=7153"}],"curies":[{"name":"wp","href":"https:\/\/api.w.org\/{rel}","templated":true}]}}