{"id":7154,"date":"2022-07-12T09:26:41","date_gmt":"2022-07-12T09:26:41","guid":{"rendered":"http:\/\/kleenoil.ee\/index.php\/toode\/taissunteetiline-mootrioli-fleet-guard-5w-30\/"},"modified":"2022-07-12T17:21:04","modified_gmt":"2022-07-12T17:21:04","slug":"taissunteetiline-mootrioli-fleet-guard-5w-30","status":"publish","type":"product","link":"https:\/\/kleenoil.ee\/index.php\/toode\/taissunteetiline-mootrioli-fleet-guard-5w-30\/","title":{"rendered":"T\u00e4iss\u00fcnteetiline mootri\u00f5li Fleet Guard 5W-30"},"content":{"rendered":"<p><strong>Fleet Guard&nbsp;<\/strong>on t&auml;iss&uuml;nteetiline mootori&otilde;li suure j&otilde;udlusega uuematele autodele. Vastab SAPS n&otilde;uetele ja on v&auml;lja t&ouml;&ouml;tatud tagamaks mootori pikemat eluiga ja s&auml;ilitama katal&uuml;saatorite efektiivsust bensiini- ja diislik&uuml;tusega autodel.<\/p>\n<p><strong>Sobib turbomootoriga autodele.<\/strong><\/p>\n<p><strong>Eelised:<br \/><\/strong>&nbsp;&#8211; V&auml;hendab tuhaosakeste kogunemist diiselk&uuml;tuse tahkete osakeste filtrisse<br \/>&nbsp;&#8211; K&otilde;rge happe vastupanu<br \/>&nbsp;&#8211; V&otilde;imaldab pikemaid &otilde;livahetusintervalle<br \/>&nbsp;&#8211; Pikendab katal&uuml;saatorite ja tahkete osakeste filtrite eluiga<br \/>&nbsp;&#8211; Termiline stabiilsus<br \/>&nbsp;&#8211; &Uuml;lim&auml;&auml;rivad omadused, mis tagavad v&auml;iksema k&uuml;tusekulu<br \/>&nbsp;&#8211; Aktiivselt puhastab j&auml;&auml;kidest ja takistab settete teket<br \/>&nbsp;&#8211; Suurep&auml;rased k&uuml;lmk&auml;ivituse omadused<\/p>\n<p><strong>Heakskiit:<\/strong><br \/>&nbsp;&#8211; BMW LL-04<br \/>&nbsp;&#8211; GM Dexos 2TM<br \/>&nbsp;&#8211; MB 229.51 \/ 229.52<br \/>&nbsp;&#8211; VW 502 00 \/ 505 00 \/ 505 01<\/p>\n<p><strong>Vastab:<\/strong><br \/>&nbsp;&#8211; ACEA A3 \/ B4 \/ C2 \/ C3<br \/>&nbsp;&#8211; API SN \/ CF<br \/>&nbsp;&#8211; FIAT 9.55535-S2<br \/>&nbsp;&#8211; FORD WSS M2C917-A<\/p>\n","protected":false},"excerpt":{"rendered":"<p><strong>Fleet Guard&nbsp;<\/strong>on t&auml;iss&uuml;nteetiline mootori&otilde;li suure j&otilde;udlusega uuematele autodele.<\/p>\n","protected":false},"featured_media":5865,"template":"","meta":[],"product_brand":[],"product_cat":[310,321],"product_tag":[],"class_list":{"0":"post-7154","1":"product","2":"type-product","3":"status-publish","4":"has-post-thumbnail","6":"product_cat-maardeained","7":"product_cat-mootoriolid","8":"product_shipping_class-1-3-paeva","9":"pa_kogus-1l","10":"pa_kogus-20l","11":"pa_kogus-4l","13":"first","14":"instock","15":"taxable","16":"shipping-taxable","17":"purchasable","18":"product-type-variable"},"_links":{"self":[{"href":"https:\/\/kleenoil.ee\/index.php\/wp-json\/wp\/v2\/product\/7154","targetHints":{"allow":["GET"]}}],"collection":[{"href":"https:\/\/kleenoil.ee\/index.php\/wp-json\/wp\/v2\/product"}],"about":[{"href":"https:\/\/kleenoil.ee\/index.php\/wp-json\/wp\/v2\/types\/product"}],"wp:featuredmedia":[{"embeddable":true,"href":"https:\/\/kleenoil.ee\/index.php\/wp-json\/wp\/v2\/media\/5865"}],"wp:attachment":[{"href":"https:\/\/kleenoil.ee\/index.php\/wp-json\/wp\/v2\/media?parent=7154"}],"wp:term":[{"taxonomy":"product_brand","embeddable":true,"href":"https:\/\/kleenoil.ee\/index.php\/wp-json\/wp\/v2\/product_brand?post=7154"},{"taxonomy":"product_cat","embeddable":true,"href":"https:\/\/kleenoil.ee\/index.php\/wp-json\/wp\/v2\/product_cat?post=7154"},{"taxonomy":"product_tag","embeddable":true,"href":"https:\/\/kleenoil.ee\/index.php\/wp-json\/wp\/v2\/product_tag?post=7154"}],"curies":[{"name":"wp","href":"https:\/\/api.w.org\/{rel}","templated":true}]}}